{"id":2,"date":"2023-07-24T13:11:08","date_gmt":"2023-07-24T16:11:08","guid":{"rendered":"http:\/\/rpedraeart.com.br\/?page_id=2"},"modified":"2024-04-16T13:31:53","modified_gmt":"2024-04-16T16:31:53","slug":"pagina-exemplo","status":"publish","type":"page","link":"https:\/\/rpedraeart.com.br\/","title":{"rendered":"Home"},"content":{"rendered":"[mk_page_section vertical_align=&#8221;top&#8221; bg_position=&#8221;center top&#8221; bg_stretch=&#8221;true&#8221; min_height=&#8221;700&#8243; full_width=&#8221;true&#8221; padding_top=&#8221;0&#8243; padding_bottom=&#8221;0&#8243; section_id=&#8221;home&#8221; sidebar=&#8221;sidebar-1&#8243;][vc_column]\n\t\t\t<!-- START Slider 1 REVOLUTION SLIDER 6.6.14 --><p class=\"rs-p-wp-fix\"><\/p>\n\t\t\t<rs-module-wrap id=\"rev_slider_1_1_wrapper\" data-source=\"gallery\" style=\"visibility:hidden;background:transparent;padding:0;margin:0px auto;margin-top:0;margin-bottom:0;\">\n\t\t\t\t<rs-module id=\"rev_slider_1_1\" style=\"\" data-version=\"6.6.14\">\n\t\t\t\t\t<rs-slides style=\"overflow: hidden; position: absolute;\">\n\t\t\t\t\t\t<rs-slide style=\"position: absolute;\" data-key=\"rs-1\" data-title=\"Slide\" data-in=\"o:0;\" data-out=\"a:false;\">\n\t\t\t\t\t\t\t<img decoding=\"async\" src=\"\/\/rpedraeart.com.br\/wp-content\/plugins\/revslider\/public\/assets\/assets\/dummy.png\" alt=\"\" title=\"rpedraeart-12\" width=\"2560\" height=\"1920\" class=\"rev-slidebg tp-rs-img rs-lazyload\" data-lazyload=\"\/\/rpedraeart.com.br\/wp-content\/uploads\/2024\/04\/rpedraeart-12-scaled.jpg\" data-no-retina>\n<!--\n\t\t\t\t\t\t\t--><rs-layer\n\t\t\t\t\t\t\t\tid=\"slider-1-slide-1-layer-0\" \n\t\t\t\t\t\t\t\tdata-type=\"text\"\n\t\t\t\t\t\t\t\tdata-color=\"#ffffff\"\n\t\t\t\t\t\t\t\tdata-rsp_ch=\"on\"\n\t\t\t\t\t\t\t\tdata-xy=\"x:681px;y:100px;\"\n\t\t\t\t\t\t\t\tdata-text=\"w:normal;s:59;l:74;\"\n\t\t\t\t\t\t\t\tdata-frame_0=\"x:-50;\"\n\t\t\t\t\t\t\t\tdata-frame_1=\"sp:1000;\"\n\t\t\t\t\t\t\t\tdata-frame_999=\"o:0;st:w;\"\n\t\t\t\t\t\t\t\tstyle=\"z-index:5;font-family:'Roboto';\"\n\t\t\t\t\t\t\t>QUALIDADE<br \/>\n& SOFISTICA\u00c7\u00c3O \n\t\t\t\t\t\t\t<\/rs-layer><!--\n-->\t\t\t\t\t\t<\/rs-slide>\n\t\t\t\t\t<\/rs-slides>\n\t\t\t\t<\/rs-module>\n\t\t\t\t<script>\n\t\t\t\t\tsetREVStartSize({c: 'rev_slider_1_1',rl:[1240,1024,778,480],el:[900],gw:[1240],gh:[900],type:'standard',justify:'',layout:'fullwidth',mh:\"0\"});if (window.RS_MODULES!==undefined && window.RS_MODULES.modules!==undefined && window.RS_MODULES.modules[\"revslider11\"]!==undefined) {window.RS_MODULES.modules[\"revslider11\"].once = false;window.revapi1 = undefined;if (window.RS_MODULES.checkMinimal!==undefined) window.RS_MODULES.checkMinimal()}\n\t\t\t\t<\/script>\n\t\t\t<\/rs-module-wrap>\n\t\t\t<!-- END REVOLUTION SLIDER -->\n[\/vc_column][\/mk_page_section][mk_page_section bg_color=&#8221;#e0e0e0&#8243; min_height=&#8221;130&#8243; section_id=&#8221;sobre&#8221; sidebar=&#8221;sidebar-1&#8243;][vc_column width=&#8221;1\/2&#8243;][vc_empty_space][vc_single_image image=&#8221;38&#8243; img_size=&#8221;350&#215;350&#8243;][vc_empty_space][\/vc_column][vc_column width=&#8221;1\/2&#8243;][vc_empty_space][mk_fancy_title font_family=&#8221;none&#8221;]\n<h3><span style=\"color: #967751;\">R PEDRA &amp; ART<\/span><\/h3>\n[\/mk_fancy_title][vc_column_text css=&#8221;.vc_custom_1691719773688{margin-bottom: 0px !important;}&#8221;]A R Pedra &amp; Art, \u00e9 especializada em execu\u00e7\u00e3o de obra, reformas e<br \/>\ngerenciamento de obra. Garantimos a qualidade t\u00e9cnica na execu\u00e7\u00e3o dos nossos servi\u00e7os em cada etapa das obras e projetos executados.<\/p>\n<p>Trabalhamos nos segmentos de obras residenciais, comerciais e industriais.<br \/>\nNas obras, atendemos com pacote fechado de material e m\u00e3o de obra ou somente m\u00e3o de obra.[\/vc_column_text][vc_empty_space height=&#8221;10px&#8221;][\/vc_column][\/mk_page_section][mk_page_section bg_position=&#8221;center top&#8221; bg_stretch=&#8221;true&#8221; min_height=&#8221;250&#8243; padding_top=&#8221;0&#8243; padding_bottom=&#8221;0&#8243; section_id=&#8221;projetos&#8221; sidebar=&#8221;sidebar-1&#8243;][vc_column][vc_empty_space][mk_fancy_title font_family=&#8221;none&#8221;]\n<h3 style=\"text-align: center;\"><span style=\"color: #967751;\">PROJETOS<\/span><\/h3>\n[\/mk_fancy_title][vc_masonry_media_grid grid_id=&#8221;vc_gid:1713284876942-792d9b3e-10a7-2&#8243; include=&#8221;119,120,121,122,123,124,125,126,127,128,129,130,131,110,109,108,107,106,105,104,103,102,101,100,99,98,97,96,95,94,93,92,91,90,89,88,76,77,78,79,80,81,82,83,84,85,86,87,75,74,73,72,71,70,69,68,67,66,65,64,52,53,54,55,56,57,58,59,60,61,62,63,51,50,49,48,47,46,44,43&#8243;][\/vc_column][\/mk_page_section][mk_page_section bg_color=&#8221;#f7f9fb&#8221; section_id=&#8221;contato&#8221; sidebar=&#8221;sidebar-1&#8243;][vc_column width=&#8221;1\/2&#8243;][vc_empty_space][mk_fancy_title margin_bottom=&#8221;0&#8243; font_family=&#8221;none&#8221;]\n<h3 style=\"text-align: left;\"><span style=\"color: #967751;\">CONTATO<\/span><\/h3>\n[\/mk_fancy_title][vc_empty_space][vc_column_text css=&#8221;.vc_custom_1691721042121{margin-bottom: 0px !important;}&#8221;]\n<div class=\"wpcf7 no-js\" id=\"wpcf7-f7-o1\" lang=\"pt-BR\" dir=\"ltr\">\n<div class=\"screen-reader-response\"><p role=\"status\" aria-live=\"polite\" aria-atomic=\"true\"><\/p> <ul><\/ul><\/div>\n<form action=\"\/index.php?rest_route=%2Fwp%2Fv2%2Fpages%2F2#wpcf7-f7-o1\" method=\"post\" class=\"wpcf7-form init\" aria-label=\"Formul\u00e1rios de contato\" novalidate=\"novalidate\" data-status=\"init\">\n<div style=\"display: none;\">\n<input type=\"hidden\" name=\"_wpcf7\" value=\"7\" \/>\n<input type=\"hidden\" name=\"_wpcf7_version\" value=\"5.7.7\" \/>\n<input type=\"hidden\" name=\"_wpcf7_locale\" value=\"pt_BR\" \/>\n<input type=\"hidden\" name=\"_wpcf7_unit_tag\" value=\"wpcf7-f7-o1\" \/>\n<input type=\"hidden\" name=\"_wpcf7_container_post\" value=\"0\" \/>\n<input type=\"hidden\" name=\"_wpcf7_posted_data_hash\" value=\"\" \/>\n<\/div>\n<p><label> Nome<br \/>\n<span class=\"wpcf7-form-control-wrap\" data-name=\"your-name\"><input size=\"40\" class=\"wpcf7-form-control wpcf7-text wpcf7-validates-as-required\" autocomplete=\"name\" aria-required=\"true\" aria-invalid=\"false\" value=\"\" type=\"text\" name=\"your-name\" \/><\/span> <\/label>\n<\/p>\n<p><label> Email<br \/>\n<span class=\"wpcf7-form-control-wrap\" data-name=\"your-email\"><input size=\"40\" class=\"wpcf7-form-control wpcf7-text wpcf7-email wpcf7-validates-as-required wpcf7-validates-as-email\" autocomplete=\"email\" aria-required=\"true\" aria-invalid=\"false\" value=\"\" type=\"email\" name=\"your-email\" \/><\/span> <\/label>\n<\/p>\n<p><label> Assunto<br \/>\n<span class=\"wpcf7-form-control-wrap\" data-name=\"your-subject\"><input size=\"40\" class=\"wpcf7-form-control wpcf7-text wpcf7-validates-as-required\" aria-required=\"true\" aria-invalid=\"false\" value=\"\" type=\"text\" name=\"your-subject\" \/><\/span> <\/label>\n<\/p>\n<p><label> Mensagem<br \/>\n<span class=\"wpcf7-form-control-wrap\" data-name=\"your-message\"><textarea cols=\"40\" rows=\"10\" class=\"wpcf7-form-control wpcf7-textarea\" aria-invalid=\"false\" name=\"your-message\"><\/textarea><\/span> <\/label>\n<\/p>\n<p><input class=\"wpcf7-form-control has-spinner wpcf7-submit\" type=\"submit\" value=\"ENVIAR\" \/>\n<\/p><div class=\"wpcf7-response-output\" aria-hidden=\"true\"><\/div>\n<\/form>\n<\/div>\n[\/vc_column_text][\/vc_column][vc_column width=&#8221;1\/2&#8243;][vc_empty_space][vc_empty_space][vc_empty_space][vc_column_text css=&#8221;.vc_custom_1691719445343{margin-bottom: 0px !important;}&#8221;]<img loading=\"lazy\" decoding=\"async\" class=\"alignnone wp-image-127\" src=\"http:\/\/avogt.com.br\/wp-content\/uploads\/2022\/11\/whatsapp.png\" alt=\"\" width=\"29\" height=\"29\" \/>\u00a0 \u00a0 (41) 9557-7286<\/p>\n<p><img loading=\"lazy\" decoding=\"async\" class=\"alignnone wp-image-128\" src=\"http:\/\/avogt.com.br\/wp-content\/uploads\/2022\/11\/mail.png\" alt=\"\" width=\"28\" height=\"28\" \/>\u00a0 ronald@rpedraeart.com.br\/[\/vc_column_text][\/vc_column][\/mk_page_section]\n","protected":false},"excerpt":{"rendered":"<p>[mk_page_section vertical_align=&#8221;top&#8221; bg_position=&#8221;center top&#8221; bg_stretch=&#8221;true&#8221; min_height=&#8221;700&#8243; full_width=&#8221;true&#8221; padding_top=&#8221;0&#8243; padding_bottom=&#8221;0&#8243; section_id=&#8221;home&#8221; sidebar=&#8221;sidebar-1&#8243;][vc_column][\/vc_column][\/mk_page_section][mk_page_section bg_color=&#8221;#e0e0e0&#8243; min_height=&#8221;130&#8243; section_id=&#8221;sobre&#8221; sidebar=&#8221;sidebar-1&#8243;][vc_column width=&#8221;1\/2&#8243;][vc_empty_space][vc_single_image image=&#8221;38&#8243; img_size=&#8221;350&#215;350&#8243;][vc_empty_space][\/vc_column][vc_column width=&#8221;1\/2&#8243;][vc_empty_space][mk_fancy_title font_family=&#8221;none&#8221;] R PEDRA &amp; ART [\/mk_fancy_title][vc_column_text css=&#8221;.vc_custom_1691719773688{margin-bottom: 0px !important;}&#8221;]A R Pedra &amp; Art, \u00e9 especializada em execu\u00e7\u00e3o de obra, reformas e gerenciamento de obra. Garantimos a qualidade t\u00e9cnica na execu\u00e7\u00e3o dos nossos servi\u00e7os em cada etapa [&hellip;]<\/p>\n","protected":false},"author":1,"featured_media":0,"parent":0,"menu_order":0,"comment_status":"closed","ping_status":"open","template":"","meta":{"footnotes":""},"class_list":["post-2","page","type-page","status-publish","hentry"],"_links":{"self":[{"href":"https:\/\/rpedraeart.com.br\/index.php?rest_route=\/wp\/v2\/pages\/2","targetHints":{"allow":["GET"]}}],"collection":[{"href":"https:\/\/rpedraeart.com.br\/index.php?rest_route=\/wp\/v2\/pages"}],"about":[{"href":"https:\/\/rpedraeart.com.br\/index.php?rest_route=\/wp\/v2\/types\/page"}],"author":[{"embeddable":true,"href":"https:\/\/rpedraeart.com.br\/index.php?rest_route=\/wp\/v2\/users\/1"}],"replies":[{"embeddable":true,"href":"https:\/\/rpedraeart.com.br\/index.php?rest_route=%2Fwp%2Fv2%2Fcomments&post=2"}],"version-history":[{"count":15,"href":"https:\/\/rpedraeart.com.br\/index.php?rest_route=\/wp\/v2\/pages\/2\/revisions"}],"predecessor-version":[{"id":132,"href":"https:\/\/rpedraeart.com.br\/index.php?rest_route=\/wp\/v2\/pages\/2\/revisions\/132"}],"wp:attachment":[{"href":"https:\/\/rpedraeart.com.br\/index.php?rest_route=%2Fwp%2Fv2%2Fmedia&parent=2"}],"curies":[{"name":"wp","href":"https:\/\/api.w.org\/{rel}","templated":true}]}}